{"id":56004,"date":"2019-10-31T18:18:27","date_gmt":"2019-10-31T12:48:27","guid":{"rendered":"https:\/\/vwo.com\/compliance\/pci-dss\/"},"modified":"2025-06-06T14:16:01","modified_gmt":"2025-06-06T08:46:01","slug":"pci-dss","status":"publish","type":"page","link":"https:\/\/vwo.com\/es\/compliance\/pci-dss\/","title":{"rendered":"PCI DSS"},"content":{"rendered":"\n<p>La plataforma de optimizaci\u00f3n de experiencias de VWO cumple con la versi\u00f3n 4.0.1 de la Norma de Seguridad de Datos para la Industria de Tarjetas de Pago (PCI DSS), como proveedor de servicios de nivel 2. VWO act\u00faa como proveedor de servicios y no procesa datos de titulares de tarjetas.<\/p>\n\n\n\n<h2 class=\"wp-block-heading\"><strong>VWO y PCI DSS<\/strong><\/h2>\n\n\n\n<p>VWO cumple con el proceso de certificaci\u00f3n como Proveedor de Servicios de Nivel 2, el cual valida anualmente la conformidad mediante la verificaci\u00f3n del cumplimiento de los requisitos de PCI DSS. Esto incluye la validaci\u00f3n del c\u00f3digo de integraci\u00f3n (por ejemplo, el JS SmartCode), SDK necesarios para la plataforma VWO Experience Optimization, as\u00ed como el cumplimiento en los \u00e1mbitos de desarrollo, operaciones, gesti\u00f3n, soporte y servicios bajo alcance, utilizando el Cuestionario de Autoevaluaci\u00f3n (SAQ-D) y la Declaraci\u00f3n de Cumplimiento para Proveedores de Servicios.<\/p>\n\n\n\n<p>Los clientes son responsables de asegurar el cumplimiento de los requisitos de PCI DSS. La&nbsp;Gu\u00eda de PCI para Clientes de VWO&nbsp;detalla las \u00e1reas de responsabilidad para cada requisito de PCI DSS, indicando si recae en VWO, en el cliente, o si es compartida.<\/p>\n\n\n\n<h2 class=\"wp-block-heading\"><strong>Auditor\u00edas, informes y certificados<\/strong><\/h2>\n\n\n\n<p><strong>Ciclo de auditor\u00eda:<\/strong> La plataforma de VWO de Wingify se eval\u00faa al menos una vez al a\u00f1o seg\u00fan el est\u00e1ndar PCI DSS v4.0.1 por auditores externos certificados (Qualified Security Assessor). Nuestra \u00faltima auditor\u00eda fue realizada por Cyber Sigma el\u00a011 de mayo de 2025.<\/p>\n\n\n\n<p><strong>Fecha de declaraci\u00f3n y certificado: <\/strong>11 de mayo de 2025<br><strong>V\u00e1lido hasta: <\/strong>11 de mayo de 2026<\/p>\n\n\n\n<p><strong><strong>Consulta los siguientes documentos para m\u00e1s informaci\u00f3n:<\/strong><\/strong><\/p>\n\n\n\n<ul class=\"wp-block-list\">\n<li><a href=\"https:\/\/vwo.com\/downloads\/legal\/pci-dss-aoc-wingify-updated.pdf\">Declaraci\u00f3n de Cumplimiento<\/a><\/li>\n\n\n\n<li><a href=\"https:\/\/vwo.com\/downloads\/legal\/coc-wingify.pdf\">Certificado de Cumplimiento<\/a><\/li>\n\n\n\n<li><a href=\"https:\/\/vwo.com\/downloads\/legal\/wingify-customer-pci-guide-of-responsibility.xlsx\">Gu\u00eda de responsabilidades PCI para clientes de VWO<\/a>\u00a0<\/li>\n\n\n\n<li><a href=\"https:\/\/help.vwo.com\/hc\/en-us\/articles\/360038046053\">C\u00f3mo configurar tu cuenta de VWO para cumplir con PCI<\/a><\/li>\n<\/ul>\n\n\n\n<div style=\"padding: 20px;background-color: #802050;color: #fff\">\n<h2 style=\"margin-bottom: 20px;margin-top: 0;color: #fff !important\">Resumen de PCI DSS<\/h2>\n<p>La Norma de Seguridad de Datos para la Industria de Tarjetas de Pago (PCI DSS) es un marco global dise\u00f1ado para proteger los datos de tarjetas de pago y prevenir el fraude. Cualquier organizaci\u00f3n que almacene, procese o transmita datos de titulares de tarjetas debe cumplir con PCI DSS. Aunque VWO no maneja dichos datos, mantenemos el cumplimiento para respaldar a los clientes que operan en entornos regulados.\n <\/p>\n<\/div>\n\n\n\n\n\n<p><\/p>\n","protected":false},"excerpt":{"rendered":"<p>La plataforma de optimizaci\u00f3n de experiencias de VWO cumple con la versi\u00f3n 4.0.1 de la Norma de Seguridad de Datos para la Industria de Tarjetas de Pago (PCI DSS), como proveedor de servicios de nivel 2. VWO act\u00faa como proveedor de servicios y no procesa datos de titulares de tarjetas. VWO y PCI DSS VWO [&hellip;]<\/p>\n","protected":false},"author":154,"featured_media":0,"parent":29596,"menu_order":0,"comment_status":"closed","ping_status":"closed","template":"page-templates\/page_contentbase.php","meta":{"_acf_changed":false,"footnotes":""},"class_list":["post-56004","page","type-page","status-publish","hentry"],"acf":[],"yoast_head":"<!-- This site is optimized with the Yoast SEO plugin v26.9 - https:\/\/yoast.com\/product\/yoast-seo-wordpress\/ -->\n<title>PCI DSS | Cumplimiento VWO<\/title>\n<meta name=\"description\" content=\"VWO cumple con la versi\u00f3n 3.2.1 de PCI DSS como Proveedor de Servicios de Nivel 2. No procesamos datos de tarjetas. M\u00e1s informaci\u00f3n.\" \/>\n<meta name=\"robots\" content=\"index, follow, max-snippet:-1, max-image-preview:large, max-video-preview:-1\" \/>\n<link rel=\"canonical\" href=\"https:\/\/vwo.com\/es\/compliance\/pci-dss\/\" \/>\n<meta property=\"og:locale\" content=\"es_ES\" \/>\n<meta property=\"og:type\" content=\"article\" \/>\n<meta property=\"og:title\" content=\"PCI DSS | Cumplimiento VWO\" \/>\n<meta property=\"og:description\" content=\"VWO cumple con la versi\u00f3n 3.2.1 de PCI DSS como Proveedor de Servicios de Nivel 2. No procesamos datos de tarjetas. M\u00e1s informaci\u00f3n.\" \/>\n<meta property=\"og:url\" content=\"https:\/\/vwo.com\/es\/compliance\/pci-dss\/\" \/>\n<meta property=\"og:site_name\" content=\"Website\" \/>\n<meta property=\"article:publisher\" content=\"https:\/\/www.facebook.com\/vwoofficial\/\" \/>\n<meta property=\"article:modified_time\" content=\"2025-06-06T08:46:01+00:00\" \/>\n<meta property=\"og:image\" content=\"https:\/\/static.wingify.com\/gcp\/uploads\/2019\/08\/VWO-Social-Share-Img.png\" \/>\n\t<meta property=\"og:image:width\" content=\"1200\" \/>\n\t<meta property=\"og:image:height\" content=\"628\" \/>\n\t<meta property=\"og:image:type\" content=\"image\/png\" \/>\n<meta name=\"twitter:card\" content=\"summary_large_image\" \/>\n<meta name=\"twitter:site\" content=\"@VWO\" \/>\n<!-- \/ Yoast SEO plugin. -->","yoast_head_json":{"title":"PCI DSS | Cumplimiento VWO","description":"VWO cumple con la versi\u00f3n 3.2.1 de PCI DSS como Proveedor de Servicios de Nivel 2. No procesamos datos de tarjetas. M\u00e1s informaci\u00f3n.","robots":{"index":"index","follow":"follow","max-snippet":"max-snippet:-1","max-image-preview":"max-image-preview:large","max-video-preview":"max-video-preview:-1"},"canonical":"https:\/\/vwo.com\/es\/compliance\/pci-dss\/","og_locale":"es_ES","og_type":"article","og_title":"PCI DSS | Cumplimiento VWO","og_description":"VWO cumple con la versi\u00f3n 3.2.1 de PCI DSS como Proveedor de Servicios de Nivel 2. No procesamos datos de tarjetas. M\u00e1s informaci\u00f3n.","og_url":"https:\/\/vwo.com\/es\/compliance\/pci-dss\/","og_site_name":"Website","article_publisher":"https:\/\/www.facebook.com\/vwoofficial\/","article_modified_time":"2025-06-06T08:46:01+00:00","og_image":[{"width":1200,"height":628,"url":"https:\/\/static.wingify.com\/gcp\/uploads\/2019\/08\/VWO-Social-Share-Img.png","type":"image\/png"}],"twitter_card":"summary_large_image","twitter_site":"@VWO","schema":{"@context":"https:\/\/schema.org","@graph":[{"@type":"WebPage","@id":"https:\/\/vwo.com\/es\/compliance\/pci-dss\/","url":"https:\/\/vwo.com\/es\/compliance\/pci-dss\/","name":"PCI DSS | Cumplimiento VWO","isPartOf":{"@id":"https:\/\/vwo.com\/es\/#website"},"datePublished":"2019-10-31T12:48:27+00:00","dateModified":"2025-06-06T08:46:01+00:00","description":"VWO cumple con la versi\u00f3n 3.2.1 de PCI DSS como Proveedor de Servicios de Nivel 2. No procesamos datos de tarjetas. M\u00e1s informaci\u00f3n.","breadcrumb":{"@id":"https:\/\/vwo.com\/es\/compliance\/pci-dss\/#breadcrumb"},"inLanguage":"es","potentialAction":[{"@type":"ReadAction","target":["https:\/\/vwo.com\/es\/compliance\/pci-dss\/"]}]},{"@type":"BreadcrumbList","@id":"https:\/\/vwo.com\/es\/compliance\/pci-dss\/#breadcrumb","itemListElement":[{"@type":"ListItem","position":1,"name":"Home","item":"https:\/\/vwo.com\/es\/"},{"@type":"ListItem","position":2,"name":"Compliance","item":"https:\/\/vwo.com\/es\/compliance\/"},{"@type":"ListItem","position":3,"name":"PCI DSS"}]},{"@type":"WebSite","@id":"https:\/\/vwo.com\/es\/#website","url":"https:\/\/vwo.com\/es\/","name":"Website","description":"","potentialAction":[{"@type":"SearchAction","target":{"@type":"EntryPoint","urlTemplate":"https:\/\/vwo.com\/es\/?s={search_term_string}"},"query-input":{"@type":"PropertyValueSpecification","valueRequired":true,"valueName":"search_term_string"}}],"inLanguage":"es"}]}},"_links":{"self":[{"href":"https:\/\/vwo.com\/es\/wp-json\/wp\/v2\/pages\/56004","targetHints":{"allow":["GET"]}}],"collection":[{"href":"https:\/\/vwo.com\/es\/wp-json\/wp\/v2\/pages"}],"about":[{"href":"https:\/\/vwo.com\/es\/wp-json\/wp\/v2\/types\/page"}],"author":[{"embeddable":true,"href":"https:\/\/vwo.com\/es\/wp-json\/wp\/v2\/users\/154"}],"replies":[{"embeddable":true,"href":"https:\/\/vwo.com\/es\/wp-json\/wp\/v2\/comments?post=56004"}],"version-history":[{"count":2,"href":"https:\/\/vwo.com\/es\/wp-json\/wp\/v2\/pages\/56004\/revisions"}],"predecessor-version":[{"id":56007,"href":"https:\/\/vwo.com\/es\/wp-json\/wp\/v2\/pages\/56004\/revisions\/56007"}],"up":[{"embeddable":true,"href":"https:\/\/vwo.com\/es\/wp-json\/wp\/v2\/pages\/29596"}],"wp:attachment":[{"href":"https:\/\/vwo.com\/es\/wp-json\/wp\/v2\/media?parent=56004"}],"curies":[{"name":"wp","href":"https:\/\/api.w.org\/{rel}","templated":true}]}}