{"id":27291,"date":"2019-06-28T09:05:39","date_gmt":"2019-06-28T09:05:39","guid":{"rendered":"https:\/\/vwo.com\/whitehat\/"},"modified":"2025-04-29T10:23:09","modified_gmt":"2025-04-29T04:53:09","slug":"whitehat","status":"publish","type":"page","link":"https:\/\/vwo.com\/es\/security\/whitehat\/","title":{"rendered":"Sal\u00f3n de la fama de la seguridad"},"content":{"rendered":"<h2>En Wingify nos esforzamos para que nuestros sistemas y plataforma mantengan el alto nivel de seguridad que nuestros clientes esperan.<\/h2>\n<p>Hacemos esto posible no solo mediante los esfuerzos de nuestros equipos internos; tambi\u00e9n gracias a las contribuciones de particulares e investigadores de seguridad independientes.<\/p>\n<p>El Sal\u00f3n de la fama de la seguridad de Wingify reconoce los esfuerzos de toda esta gente. Nos gustar\u00eda agradecer a las siguientes personas su ayuda y responsabilidad a la hora de informarnos sobre c\u00f3mo podemos hacer Wingify m\u00e1s seguro.<\/p>\n<h2><strong>2025<\/strong><\/h2>\n<p data-pm-slice=\"1 1 []\"><a href=\"https:\/\/www.pathfynder.io\/\">Pathfynder Inc<\/a><\/p>\n<h2><strong>2024<\/strong><\/h2>\n<p data-pm-slice=\"1 1 []\"><a href=\"https:\/\/www.linkedin.com\/in\/syed-taseer-hussain-535b311b7\/\">Taseer Hussain<\/a><br \/><a href=\"https:\/\/www.linkedin.com\/in\/kartik-garg-6370b6232\/\">Kartik Garg<\/a><br \/><a href=\"https:\/\/www.linkedin.com\/in\/swapnil-kothawade-813854a7\/\"><span class=\"s1\">Swa<\/span>pnil Kothawade<\/a><\/p>\n<h2><strong>2023<\/strong><\/h2>\n<p><a href=\"https:\/\/www.linkedin.com\/in\/heidar-zeinalli-421313275\">Heidar Zeinalli<\/a><br \/><a href=\"https:\/\/www.linkedin.com\/in\/aadesh-jain-88ba2621b\/\">Aadesh Jain<\/a><br \/><a href=\"https:\/\/twitter.com\/Tejas__1\">Tejas Pawar<\/a><br \/><a href=\"https:\/\/web.facebook.com\/reza.alfreza.1\">Alfreza<\/a><\/p>\n<h2><strong>2022<\/strong><\/h2>\n<p><a href=\"https:\/\/read.cv\/pondev\">M Hasyim Asyari<\/a><br \/><a href=\"https:\/\/bugcrowd.com\/m0m0x01d\">Daher Mohamed<\/a><br \/><a href=\"https:\/\/www.linkedin.com\/in\/jivanmagare\">Jivan Magare<\/a><br \/><a href=\"https:\/\/www.linkedin.com\/in\/amritanayak\/\">Amrita Nayak<\/a><br \/><a href=\"https:\/\/www.linkedin.com\/in\/gaurang883\/\">Gaurang Maheta<\/a><\/p>\n<h2><strong>2021<\/strong><\/h2>\n<p><a href=\"https:\/\/in.linkedin.com\/in\/samprit-das-9805831a2\">Samprit Das<\/a><br \/><a href=\"https:\/\/www.linkedin.com\/in\/abdeali-hm-211105210\/\">Abdeali<\/a><br \/><a href=\"https:\/\/www.linkedin.com\/in\/harshbanshpal\/\">Harsh Banshpal<\/a><br \/><a href=\"https:\/\/www.linkedin.com\/in\/sachin-kalkumbe-462824201\">Sachin kalkumbe<\/a><br \/><a href=\"https:\/\/twitter.com\/TryambakePratik\">Pratik Sunil Tryambake<\/a><br \/><a href=\"https:\/\/www.linkedin.com\/in\/gaurang883\">Gaurang maheta<\/a><br \/><a href=\"https:\/\/linkedin.com\/in\/akashpatil98\">Akash Rajendra Patil<\/a><br \/><a href=\"https:\/\/www.linkedin.com\/in\/vinay-bhuria\">Vinay Omveer Bhuria<\/a><\/p>\n<h2><strong>2020<\/strong><\/h2>\n<p><a href=\"https:\/\/www.facebook.com\/hacker.abin1337\">Abin Joseph<\/a><br \/><a href=\"https:\/\/www.twitter.com\/dhanumaalaian\">Dhanumaalaian R<\/a><br \/><a href=\"https:\/\/twitter.com\/prateek_0490\">Prateek Tiwari<\/a><br \/><a href=\"https:\/\/www.linkedin.com\/in\/krishna-yadav-85aa34b2\/\">Krishna Harishankar Yadav<\/a><br \/><a href=\"https:\/\/www.linkedin.com\/in\/pranav-bhandari-8bb644158\/\">Pranav Bhandari<\/a><\/p>\n<h2><strong>2019<\/strong><\/h2>\n<p><a href=\"https:\/\/www.facebook.com\/aliraza3456\">Ali Raza<\/a><br \/><a href=\"https:\/\/www.linkedin.com\/in\/dal-bahadur-b-k-1b180a90\">Dal Bahadur B.K<\/a><\/p>\n<h2><strong>2018<\/strong><\/h2>\n<p>Marek Szustak<br \/><a href=\"https:\/\/twitter.com\/ShubhamPthk\">Shubham Pathak<\/a><br \/><a href=\"https:\/\/www.linkedin.com\/in\/maruthi-adithya-g-20070111a\">Maruthi Adithya G<\/a><br \/><a href=\"https:\/\/www.linkedin.com\/in\/kirtikumar-anandrao-ramchandani-ba949b153\/\">Kirtikumar Anandrao Ramchandani<\/a><br \/>Konka Karthik<\/p>\n<h2><strong>2017<\/strong><\/h2>\n<p><a href=\"https:\/\/twitter.com\/d1m0ck\">Dmitry Ivanov<\/a><br \/>Sagar Jangam<\/p>\n\n\n<p><h2>En Wingify nos esforzamos para que nuestros sistemas y plataforma mantengan el alto nivel de seguridad que nuestros clientes esperan.<\/h2>\n<p>Hacemos esto posible no solo mediante los esfuerzos de nuestros equipos internos; tambi\u00e9n gracias a las contribuciones de particulares e investigadores de seguridad independientes.<\/p>\n<p>El Sal\u00f3n de la fama de la seguridad de Wingify reconoce los esfuerzos de toda esta gente. Nos gustar\u00eda agradecer a las siguientes personas su ayuda y responsabilidad a la hora de informarnos sobre c\u00f3mo podemos hacer Wingify m\u00e1s seguro.<\/p>\n<h2><strong>2025<\/strong><\/h2>\n<p data-pm-slice=\"1 1 []\"><a href=\"https:\/\/www.pathfynder.io\/\">Pathfynder Inc<\/a><\/p>\n<h2><strong>2024<\/strong><\/h2>\n<p data-pm-slice=\"1 1 []\"><a href=\"https:\/\/www.linkedin.com\/in\/taseer-hussain-535b311b7\/\">Taseer Hussain<\/a><br \/><a href=\"https:\/\/www.linkedin.com\/in\/kartik-garg-6370b6232\/\">Kartik Garg<\/a><br \/><a href=\"https:\/\/www.linkedin.com\/in\/swapnil-kothawade-813854a7\/\"><span class=\"s1\">Swa<\/span>pnil Kothawade<\/a><\/p>\n<h2><strong>2023<\/strong><\/h2>\n<p><a href=\"https:\/\/www.linkedin.com\/in\/heidar-zeinalli-421313275\">Heidar Zeinalli<\/a><br \/><a href=\"https:\/\/www.linkedin.com\/in\/aadesh-jain-88ba2621b\/\">Aadesh Jain<\/a><br \/><a href=\"https:\/\/twitter.com\/Tejas__1\">Tejas Pawar<\/a><br \/><a href=\"https:\/\/web.facebook.com\/reza.alfreza.1\">Alfreza<\/a><\/p>\n<h2><strong>2022<\/strong><\/h2>\n<p><a href=\"https:\/\/read.cv\/pondev\">M Hasyim Asyari<\/a><br \/><a href=\"https:\/\/bugcrowd.com\/m0m0x01d\">Daher Mohamed<\/a><br \/><a href=\"https:\/\/www.linkedin.com\/in\/jivanmagare\">Jivan Magare<\/a><br \/><a href=\"https:\/\/www.linkedin.com\/in\/amritanayak\/\">Amrita Nayak<\/a><br \/><a href=\"https:\/\/www.linkedin.com\/in\/gaurang883\/\">Gaurang Maheta<\/a><\/p>\n<h2><strong>2021<\/strong><\/h2>\n<p><a href=\"https:\/\/in.linkedin.com\/in\/samprit-das-9805831a2\">Samprit Das<\/a><br \/><a href=\"https:\/\/www.linkedin.com\/in\/abdeali-hm-211105210\/\">Abdeali<\/a><br \/><a href=\"https:\/\/www.linkedin.com\/in\/harshbanshpal\/\">Harsh Banshpal<\/a><br \/><a href=\"https:\/\/www.linkedin.com\/in\/sachin-kalkumbe-462824201\">Sachin kalkumbe<\/a><br \/><a href=\"https:\/\/twitter.com\/TryambakePratik\">Pratik Sunil Tryambake<\/a><br \/><a href=\"https:\/\/www.linkedin.com\/in\/gaurang883\">Gaurang maheta<\/a><br \/><a href=\"https:\/\/linkedin.com\/in\/akashpatil98\">Akash Rajendra Patil<\/a><br \/><a href=\"https:\/\/www.linkedin.com\/in\/vinay-bhuria\">Vinay Omveer Bhuria<\/a><\/p>\n<h2><strong>2020<\/strong><\/h2>\n<p><a href=\"https:\/\/www.facebook.com\/hacker.abin1337\">Abin Joseph<\/a><br \/><a href=\"https:\/\/www.twitter.com\/dhanumaalaian\">Dhanumaalaian R<\/a><br \/><a href=\"https:\/\/twitter.com\/prateek_0490\">Prateek Tiwari<\/a><br \/><a href=\"https:\/\/www.linkedin.com\/in\/krishna-yadav-85aa34b2\/\">Krishna Harishankar Yadav<\/a><br \/><a href=\"https:\/\/www.linkedin.com\/in\/pranav-bhandari-8bb644158\/\">Pranav Bhandari<\/a><\/p>\n<h2><strong>2019<\/strong><\/h2>\n<p><a href=\"https:\/\/www.facebook.com\/aliraza3456\">Ali Raza<\/a><br \/><a href=\"https:\/\/www.linkedin.com\/in\/dal-bahadur-b-k-1b180a90\">Dal Bahadur B.K<\/a><\/p>\n<h2><strong>2018<\/strong><\/h2>\n<p>Marek Szustak<br \/><a href=\"https:\/\/twitter.com\/ShubhamPthk\">Shubham Pathak<\/a><br \/><a href=\"https:\/\/www.linkedin.com\/in\/maruthi-adithya-g-20070111a\">Maruthi Adithya G<\/a><br \/><a href=\"https:\/\/www.linkedin.com\/in\/kirtikumar-anandrao-ramchandani-ba949b153\/\">Kirtikumar Anandrao Ramchandani<\/a><br \/>Konka Karthik<\/p>\n<h2><strong>2017<\/strong><\/h2>\n<p><a href=\"https:\/\/twitter.com\/d1m0ck\">Dmitry Ivanov<\/a><br \/>Sagar Jangam<\/p><\/p>\n","protected":false},"excerpt":{"rendered":"<p>En Wingify nos esforzamos para que nuestros sistemas y plataforma mantengan el alto nivel de seguridad que nuestros clientes esperan. Hacemos esto posible no solo mediante los esfuerzos de nuestros equipos internos; tambi\u00e9n gracias a las contribuciones de particulares e investigadores de seguridad independientes. El Sal\u00f3n de la fama de la seguridad de Wingify reconoce [&hellip;]<\/p>\n","protected":false},"author":11,"featured_media":0,"parent":27293,"menu_order":0,"comment_status":"closed","ping_status":"closed","template":"page-templates\/page_contentbase.php","meta":{"_acf_changed":false,"footnotes":""},"class_list":["post-27291","page","type-page","status-publish","hentry"],"acf":[],"yoast_head":"<!-- This site is optimized with the Yoast SEO plugin v26.9 - https:\/\/yoast.com\/product\/yoast-seo-wordpress\/ -->\n<title>Sal\u00f3n de la Fama de la Seguridad | Seguridad VWO<\/title>\n<meta name=\"description\" content=\"En nuestro particular Hall of Fame de la seguridad reconocemos el trabajo de investigadores y otras personas que ayudan a que VWO sobresalga en este aspecto.\" \/>\n<meta name=\"robots\" content=\"index, follow, max-snippet:-1, max-image-preview:large, max-video-preview:-1\" \/>\n<link rel=\"canonical\" href=\"https:\/\/vwo.com\/es\/security\/whitehat\/\" \/>\n<meta property=\"og:locale\" content=\"es_ES\" \/>\n<meta property=\"og:type\" content=\"article\" \/>\n<meta property=\"og:title\" content=\"Sal\u00f3n de la Fama de la Seguridad | Seguridad VWO\" \/>\n<meta property=\"og:description\" content=\"En nuestro particular Hall of Fame de la seguridad reconocemos el trabajo de investigadores y otras personas que ayudan a que VWO sobresalga en este aspecto.\" \/>\n<meta property=\"og:url\" content=\"https:\/\/vwo.com\/es\/security\/whitehat\/\" \/>\n<meta property=\"og:site_name\" content=\"Website\" \/>\n<meta property=\"article:publisher\" content=\"https:\/\/www.facebook.com\/vwoofficial\/\" \/>\n<meta property=\"article:modified_time\" content=\"2025-04-29T04:53:09+00:00\" \/>\n<meta property=\"og:image\" content=\"https:\/\/static.wingify.com\/gcp\/uploads\/2019\/08\/VWO-Social-Share-Img.png\" \/>\n\t<meta property=\"og:image:width\" content=\"1200\" \/>\n\t<meta property=\"og:image:height\" content=\"628\" \/>\n\t<meta property=\"og:image:type\" content=\"image\/png\" \/>\n<meta name=\"twitter:card\" content=\"summary_large_image\" \/>\n<meta name=\"twitter:site\" content=\"@VWO\" \/>\n<!-- \/ Yoast SEO plugin. -->","yoast_head_json":{"title":"Sal\u00f3n de la Fama de la Seguridad | Seguridad VWO","description":"En nuestro particular Hall of Fame de la seguridad reconocemos el trabajo de investigadores y otras personas que ayudan a que VWO sobresalga en este aspecto.","robots":{"index":"index","follow":"follow","max-snippet":"max-snippet:-1","max-image-preview":"max-image-preview:large","max-video-preview":"max-video-preview:-1"},"canonical":"https:\/\/vwo.com\/es\/security\/whitehat\/","og_locale":"es_ES","og_type":"article","og_title":"Sal\u00f3n de la Fama de la Seguridad | Seguridad VWO","og_description":"En nuestro particular Hall of Fame de la seguridad reconocemos el trabajo de investigadores y otras personas que ayudan a que VWO sobresalga en este aspecto.","og_url":"https:\/\/vwo.com\/es\/security\/whitehat\/","og_site_name":"Website","article_publisher":"https:\/\/www.facebook.com\/vwoofficial\/","article_modified_time":"2025-04-29T04:53:09+00:00","og_image":[{"width":1200,"height":628,"url":"https:\/\/static.wingify.com\/gcp\/uploads\/2019\/08\/VWO-Social-Share-Img.png","type":"image\/png"}],"twitter_card":"summary_large_image","twitter_site":"@VWO","schema":{"@context":"https:\/\/schema.org","@graph":[{"@type":"WebPage","@id":"https:\/\/vwo.com\/es\/security\/whitehat\/","url":"https:\/\/vwo.com\/es\/security\/whitehat\/","name":"Sal\u00f3n de la Fama de la Seguridad | Seguridad VWO","isPartOf":{"@id":"https:\/\/vwo.com\/es\/#website"},"datePublished":"2019-06-28T09:05:39+00:00","dateModified":"2025-04-29T04:53:09+00:00","description":"En nuestro particular Hall of Fame de la seguridad reconocemos el trabajo de investigadores y otras personas que ayudan a que VWO sobresalga en este aspecto.","breadcrumb":{"@id":"https:\/\/vwo.com\/es\/security\/whitehat\/#breadcrumb"},"inLanguage":"es","potentialAction":[{"@type":"ReadAction","target":["https:\/\/vwo.com\/es\/security\/whitehat\/"]}]},{"@type":"BreadcrumbList","@id":"https:\/\/vwo.com\/es\/security\/whitehat\/#breadcrumb","itemListElement":[{"@type":"ListItem","position":1,"name":"Home","item":"https:\/\/vwo.com\/es\/"},{"@type":"ListItem","position":2,"name":"Security","item":"https:\/\/vwo.com\/es\/security\/"},{"@type":"ListItem","position":3,"name":"Sal\u00f3n de la fama de la seguridad"}]},{"@type":"WebSite","@id":"https:\/\/vwo.com\/es\/#website","url":"https:\/\/vwo.com\/es\/","name":"Website","description":"","potentialAction":[{"@type":"SearchAction","target":{"@type":"EntryPoint","urlTemplate":"https:\/\/vwo.com\/es\/?s={search_term_string}"},"query-input":{"@type":"PropertyValueSpecification","valueRequired":true,"valueName":"search_term_string"}}],"inLanguage":"es"}]}},"_links":{"self":[{"href":"https:\/\/vwo.com\/es\/wp-json\/wp\/v2\/pages\/27291","targetHints":{"allow":["GET"]}}],"collection":[{"href":"https:\/\/vwo.com\/es\/wp-json\/wp\/v2\/pages"}],"about":[{"href":"https:\/\/vwo.com\/es\/wp-json\/wp\/v2\/types\/page"}],"author":[{"embeddable":true,"href":"https:\/\/vwo.com\/es\/wp-json\/wp\/v2\/users\/11"}],"replies":[{"embeddable":true,"href":"https:\/\/vwo.com\/es\/wp-json\/wp\/v2\/comments?post=27291"}],"version-history":[{"count":18,"href":"https:\/\/vwo.com\/es\/wp-json\/wp\/v2\/pages\/27291\/revisions"}],"predecessor-version":[{"id":55334,"href":"https:\/\/vwo.com\/es\/wp-json\/wp\/v2\/pages\/27291\/revisions\/55334"}],"up":[{"embeddable":true,"href":"https:\/\/vwo.com\/es\/wp-json\/wp\/v2\/pages\/27293"}],"wp:attachment":[{"href":"https:\/\/vwo.com\/es\/wp-json\/wp\/v2\/media?parent=27291"}],"curies":[{"name":"wp","href":"https:\/\/api.w.org\/{rel}","templated":true}]}}