{"id":56000,"date":"2019-10-31T18:18:27","date_gmt":"2019-10-31T12:48:27","guid":{"rendered":"https:\/\/vwo.com\/compliance\/pci-dss\/"},"modified":"2025-06-06T14:22:40","modified_gmt":"2025-06-06T08:52:40","slug":"pci-dss","status":"publish","type":"page","link":"https:\/\/vwo.com\/de\/compliance\/pci-dss\/","title":{"rendered":"PCI DSS"},"content":{"rendered":"\n<p>Die VWO Experience Optimization Platform h\u00e4lt sich an den Payment Card Industry Data Security Standard Version 4.0.1 Level 2 Service Provider. VWO ist ein Dienstleistungsanbieter und verarbeitet keine Karteninhaberdaten.<\/p>\n\n\n\n<h2 class=\"wp-block-heading\"><strong>VWO und PCI DSS<\/strong><\/h2>\n\n\n\n<p>VWO h\u00e4lt sich an den Zertifizierungsprozess f\u00fcr Level-2-Dienstleister, der jedes Jahr \u00fcberpr\u00fcft, ob die PCI DSS-Anforderungen eingehalten werden. Dazu wird der Integrationscode (z. B. JS SmartCode), die f\u00fcr die VWO Experience Optimization Platform ben\u00f6tigten SDKs, die Entwicklung, der Betrieb, die Verwaltung, der Support und die Konformit\u00e4t der relevanten Dienste mithilfe eines Selbstbewertungsfragebogens (SAQ-D) und einer Konformit\u00e4tsbescheinigung f\u00fcr Dienstleister \u00fcberpr\u00fcft.<\/p>\n\n\n\n<p>Die Kunden sind daf\u00fcr verantwortlich, dass sie die PCI DSS-Anforderungen einhalten. Der VWO-Kunden-PCI-Leitfaden zeigt, wer f\u00fcr welche PCI DSS-Anforderungen zust\u00e4ndig ist und ob das VWO oder der Kunde daf\u00fcr verantwortlich ist oder ob sich beide die Verantwortung teilen.<\/p>\n\n\n\n<h2 class=\"wp-block-heading\"><strong>Audits, Berichte und Zertifikate<\/strong><\/h2>\n\n\n\n<p><strong>Audit-Zyklus:<\/strong> Die VWO Experience Optimization Platform von Wingify wird mindestens einmal j\u00e4hrlich von externen Pr\u00fcfern &#8211; Qualified Security Assessor &#8211; anhand des PCI DSS v4.0.1-Standards bewertet. Unsere letzte Pr\u00fcfung wurde von Cyber Sigma am 11. Mai 2025 abgeschlossen.<\/p>\n\n\n\n<p><strong>Datum der Beglaubigung &amp; Bescheinigung:<\/strong> 11. Mai 2025<br><strong>G\u00fcltig bis:<\/strong> 11. Mai 2026<\/p>\n\n\n\n<p><strong><strong>Lesen Sie das folgende Dokument f\u00fcr weitere Details:<\/strong><\/strong><\/p>\n\n\n\n<ul class=\"wp-block-list\">\n<li><a href=\"https:\/\/vwo.com\/downloads\/legal\/pci-dss-aoc-wingify-updated.pdf\">Konformit\u00e4tsnachweis (Englische Quelle)<\/a><\/li>\n\n\n\n<li><a href=\"https:\/\/vwo.com\/downloads\/legal\/coc-wingify.pdf\">Konformit\u00e4tszertifikat (Englische Quelle)<\/a><\/li>\n\n\n\n<li><a href=\"https:\/\/vwo.com\/downloads\/legal\/wingify-customer-pci-guide-of-responsibility.xlsx\">VWO-Kunden-PCI-Leitfaden zur Verantwortung f\u00fcr jede PCI DSS-Anforderung (Englische Quelle)<\/a>\u00a0<\/li>\n\n\n\n<li><a href=\"https:\/\/help.vwo.com\/hc\/en-us\/articles\/360038046053\">So konfigurieren Sie Ihr VWO-Konto f\u00fcr die PCI-Konformit\u00e4t (Englische Quelle)<\/a><\/li>\n<\/ul>\n\n\n\n<div style=\"padding: 20px;background-color: #802050;color: #fff\">\n<h2 style=\"margin-bottom: 20px;margin-top: 0;color: #fff !important\">PCI DSS im \u00dcberblick<\/h2>\n<p>Der Payment Card Industry Data Security Standard (PCI DSS) ist ein globaler Rahmen, der dazu dient, Zahlungskartendaten zu sch\u00fctzen und Betrug zu verhindern. Jedes Unternehmen, das Karteninhaberinfos speichert, verarbeitet oder \u00fcbertr\u00e4gt, muss die PCI DSS einhalten. Auch wenn VWO keine Karteninhaberdaten verarbeitet, halten wir uns an die Vorschriften, um Kunden zu unterst\u00fctzen, die in regulierten Umgebungen arbeiten.\n <\/p>\n<\/div>\n\n\n","protected":false},"excerpt":{"rendered":"<p>Die VWO Experience Optimization Platform h\u00e4lt sich an den Payment Card Industry Data Security Standard Version 4.0.1 Level 2 Service Provider. VWO ist ein Dienstleistungsanbieter und verarbeitet keine Karteninhaberdaten. VWO und PCI DSS VWO h\u00e4lt sich an den Zertifizierungsprozess f\u00fcr Level-2-Dienstleister, der jedes Jahr \u00fcberpr\u00fcft, ob die PCI DSS-Anforderungen eingehalten werden. Dazu wird der Integrationscode [&hellip;]<\/p>\n","protected":false},"author":154,"featured_media":0,"parent":26561,"menu_order":0,"comment_status":"closed","ping_status":"closed","template":"page-templates\/page_contentbase.php","meta":{"_acf_changed":false,"footnotes":""},"class_list":["post-56000","page","type-page","status-publish","hentry"],"acf":[],"yoast_head":"<!-- This site is optimized with the Yoast SEO plugin v26.9 - https:\/\/yoast.com\/product\/yoast-seo-wordpress\/ -->\n<title>PCI DSS | VWO Compliance<\/title>\n<meta name=\"description\" content=\"VWO erf\u00fcllt die Anforderungen des Payment Card Industry Data Security Standard Version 3.2.1 Level 2 Service Provider. Wir verarbeiten keine Karteninhaberdaten. Mehr erfahren.\" \/>\n<meta name=\"robots\" content=\"index, follow, max-snippet:-1, max-image-preview:large, max-video-preview:-1\" \/>\n<link rel=\"canonical\" href=\"https:\/\/vwo.com\/de\/compliance\/pci-dss\/\" \/>\n<meta property=\"og:locale\" content=\"de_DE\" \/>\n<meta property=\"og:type\" content=\"article\" \/>\n<meta property=\"og:title\" content=\"PCI DSS | VWO Compliance\" \/>\n<meta property=\"og:description\" content=\"VWO erf\u00fcllt die Anforderungen des Payment Card Industry Data Security Standard Version 3.2.1 Level 2 Service Provider. Wir verarbeiten keine Karteninhaberdaten. Mehr erfahren.\" \/>\n<meta property=\"og:url\" content=\"https:\/\/vwo.com\/de\/compliance\/pci-dss\/\" \/>\n<meta property=\"og:site_name\" content=\"Website\" \/>\n<meta property=\"article:publisher\" content=\"https:\/\/www.facebook.com\/vwoofficial\/\" \/>\n<meta property=\"article:modified_time\" content=\"2025-06-06T08:52:40+00:00\" \/>\n<meta property=\"og:image\" content=\"https:\/\/static.wingify.com\/gcp\/uploads\/2019\/08\/VWO-Social-Share-Img.png\" \/>\n\t<meta property=\"og:image:width\" content=\"1200\" \/>\n\t<meta property=\"og:image:height\" content=\"628\" \/>\n\t<meta property=\"og:image:type\" content=\"image\/png\" \/>\n<meta name=\"twitter:card\" content=\"summary_large_image\" \/>\n<meta name=\"twitter:site\" content=\"@VWO\" \/>\n<!-- \/ Yoast SEO plugin. -->","yoast_head_json":{"title":"PCI DSS | VWO Compliance","description":"VWO erf\u00fcllt die Anforderungen des Payment Card Industry Data Security Standard Version 3.2.1 Level 2 Service Provider. Wir verarbeiten keine Karteninhaberdaten. Mehr erfahren.","robots":{"index":"index","follow":"follow","max-snippet":"max-snippet:-1","max-image-preview":"max-image-preview:large","max-video-preview":"max-video-preview:-1"},"canonical":"https:\/\/vwo.com\/de\/compliance\/pci-dss\/","og_locale":"de_DE","og_type":"article","og_title":"PCI DSS | VWO Compliance","og_description":"VWO erf\u00fcllt die Anforderungen des Payment Card Industry Data Security Standard Version 3.2.1 Level 2 Service Provider. Wir verarbeiten keine Karteninhaberdaten. Mehr erfahren.","og_url":"https:\/\/vwo.com\/de\/compliance\/pci-dss\/","og_site_name":"Website","article_publisher":"https:\/\/www.facebook.com\/vwoofficial\/","article_modified_time":"2025-06-06T08:52:40+00:00","og_image":[{"width":1200,"height":628,"url":"https:\/\/static.wingify.com\/gcp\/uploads\/2019\/08\/VWO-Social-Share-Img.png","type":"image\/png"}],"twitter_card":"summary_large_image","twitter_site":"@VWO","schema":{"@context":"https:\/\/schema.org","@graph":[{"@type":"WebPage","@id":"https:\/\/vwo.com\/de\/compliance\/pci-dss\/","url":"https:\/\/vwo.com\/de\/compliance\/pci-dss\/","name":"PCI DSS | VWO Compliance","isPartOf":{"@id":"https:\/\/vwo.com\/de\/#website"},"datePublished":"2019-10-31T12:48:27+00:00","dateModified":"2025-06-06T08:52:40+00:00","description":"VWO erf\u00fcllt die Anforderungen des Payment Card Industry Data Security Standard Version 3.2.1 Level 2 Service Provider. Wir verarbeiten keine Karteninhaberdaten. Mehr erfahren.","breadcrumb":{"@id":"https:\/\/vwo.com\/de\/compliance\/pci-dss\/#breadcrumb"},"inLanguage":"de","potentialAction":[{"@type":"ReadAction","target":["https:\/\/vwo.com\/de\/compliance\/pci-dss\/"]}]},{"@type":"BreadcrumbList","@id":"https:\/\/vwo.com\/de\/compliance\/pci-dss\/#breadcrumb","itemListElement":[{"@type":"ListItem","position":1,"name":"Home","item":"https:\/\/vwo.com\/de\/"},{"@type":"ListItem","position":2,"name":"Compliance","item":"https:\/\/vwo.com\/de\/compliance\/"},{"@type":"ListItem","position":3,"name":"PCI DSS"}]},{"@type":"WebSite","@id":"https:\/\/vwo.com\/de\/#website","url":"https:\/\/vwo.com\/de\/","name":"Website","description":"","potentialAction":[{"@type":"SearchAction","target":{"@type":"EntryPoint","urlTemplate":"https:\/\/vwo.com\/de\/?s={search_term_string}"},"query-input":{"@type":"PropertyValueSpecification","valueRequired":true,"valueName":"search_term_string"}}],"inLanguage":"de"}]}},"_links":{"self":[{"href":"https:\/\/vwo.com\/de\/wp-json\/wp\/v2\/pages\/56000","targetHints":{"allow":["GET"]}}],"collection":[{"href":"https:\/\/vwo.com\/de\/wp-json\/wp\/v2\/pages"}],"about":[{"href":"https:\/\/vwo.com\/de\/wp-json\/wp\/v2\/types\/page"}],"author":[{"embeddable":true,"href":"https:\/\/vwo.com\/de\/wp-json\/wp\/v2\/users\/154"}],"replies":[{"embeddable":true,"href":"https:\/\/vwo.com\/de\/wp-json\/wp\/v2\/comments?post=56000"}],"version-history":[{"count":2,"href":"https:\/\/vwo.com\/de\/wp-json\/wp\/v2\/pages\/56000\/revisions"}],"predecessor-version":[{"id":56003,"href":"https:\/\/vwo.com\/de\/wp-json\/wp\/v2\/pages\/56000\/revisions\/56003"}],"up":[{"embeddable":true,"href":"https:\/\/vwo.com\/de\/wp-json\/wp\/v2\/pages\/26561"}],"wp:attachment":[{"href":"https:\/\/vwo.com\/de\/wp-json\/wp\/v2\/media?parent=56000"}],"curies":[{"name":"wp","href":"https:\/\/api.w.org\/{rel}","templated":true}]}}