{"id":34510,"date":"2022-09-14T19:12:56","date_gmt":"2022-09-14T13:42:56","guid":{"rendered":"https:\/\/vwo.com\/?page_id=34510"},"modified":"2022-09-14T19:12:58","modified_gmt":"2022-09-14T13:42:58","slug":"impressum","status":"publish","type":"page","link":"https:\/\/vwo.com\/de\/impressum\/","title":{"rendered":"Impressum"},"content":{"rendered":"\n<p><strong>Firmenname<\/strong><br><span style=\"font-weight: 400\">Wingify Software Pvt. Ltd. t\u00e4tig als VWO<\/span><\/p>\n<p><strong>Adresse:<\/strong><\/p>\n<p><strong>Hamburg B\u00fcro<\/strong><br><span style=\"font-weight: 400\">Heidenkampsweg 58,<\/span><br><span style=\"font-weight: 400\">Hamburg, 20097<\/span><br><span style=\"font-weight: 400\">Deutschland<\/span><\/p>\n<p><strong>Palma B\u00fcro<\/strong><br><span style=\"font-weight: 400\">Carrer Joan Maria Thom\u00e0s, 2 &#8211; 1\u00b0<\/span><br><span style=\"font-weight: 400\">07014, Palma de Mallorca<\/span><br><span style=\"font-weight: 400\">Balearen<\/span><br><span style=\"font-weight: 400\">Spanien<\/span><\/p>\n<p><strong>Email:<\/strong><a href=\"mailto:support@vwo.com\">support@vwo.com<\/a><br><strong>Web:<\/strong><a href=\"https:\/\/vwo.com\/\">https:\/\/vwo.com<\/a><br><strong>Telefon:<\/strong><a href=\"tel:+14153490105\">+1 415-349-0105<\/a><\/p>\n<p><strong>CEO\/Gesch\u00e4ftsf\u00fchrer<\/strong><br>Sparsh Gupta<\/p>\n<p><strong>Externer EU-Vertreter:<\/strong><br><span style=\"font-weight: 400\">GDPR-Rep.eu bereitgestellt von Dr. Andreas M\u00e4tzler<\/span><br><span style=\"font-weight: 400\">Rechtsanwalt<\/span><br><span style=\"font-weight: 400\">c\/o Wingify Software Pvt Ltd<\/span><br><span style=\"font-weight: 400\">Schellinggasse 3\/10<\/span><br><span style=\"font-weight: 400\">1010 Wien<\/span><br><span style=\"font-weight: 400\">\u00d6sterreich<\/span><\/p>\n<p><strong>Email:<\/strong><a href=\"mailto:office@gdpr-rep.eu\">office@gdpr-rep.eu<\/a><br><strong>Web:<\/strong><a href=\"https:\/\/gdpr-rep.eu\/\">gdpr-rep.eu<\/a><\/p>\n<p><span style=\"font-weight: 400\">Bitte f\u00fcgen Sie der gesamten Korrespondenz folgenden Betreff hinzu:<\/span><br><span style=\"font-weight: 400\">DPI-REP-ID: 19843629<\/span><\/p>\n","protected":false},"excerpt":{"rendered":"<p>FirmennameWingify Software Pvt. Ltd. t\u00e4tig als VWO Adresse: Hamburg B\u00fcroHeidenkampsweg 58,Hamburg, 20097Deutschland Palma B\u00fcroCarrer Joan Maria Thom\u00e0s, 2 &#8211; 1\u00b007014, Palma de MallorcaBalearenSpanien Email:support@vwo.comWeb:https:\/\/vwo.comTelefon:+1 415-349-0105 CEO\/Gesch\u00e4ftsf\u00fchrerSparsh Gupta Externer EU-Vertreter:GDPR-Rep.eu bereitgestellt von Dr. Andreas M\u00e4tzlerRechtsanwaltc\/o Wingify Software Pvt LtdSchellinggasse 3\/101010 Wien\u00d6sterreich Email:office@gdpr-rep.euWeb:gdpr-rep.eu Bitte f\u00fcgen Sie der gesamten Korrespondenz folgenden Betreff hinzu:DPI-REP-ID: 19843629<\/p>\n","protected":false},"author":796,"featured_media":0,"parent":0,"menu_order":0,"comment_status":"closed","ping_status":"closed","template":"page-templates\/page_contentbase.php","meta":{"_acf_changed":false,"footnotes":""},"class_list":["post-34510","page","type-page","status-publish","hentry"],"acf":[],"yoast_head":"<!-- This site is optimized with the Yoast SEO plugin v26.9 - https:\/\/yoast.com\/product\/yoast-seo-wordpress\/ -->\n<title>Impressum - Website<\/title>\n<meta name=\"robots\" content=\"index, follow, max-snippet:-1, max-image-preview:large, max-video-preview:-1\" \/>\n<link rel=\"canonical\" href=\"https:\/\/vwo.com\/de\/impressum\/\" \/>\n<meta property=\"og:locale\" content=\"de_DE\" \/>\n<meta property=\"og:type\" content=\"article\" \/>\n<meta property=\"og:title\" content=\"Impressum - Website\" \/>\n<meta property=\"og:description\" content=\"FirmennameWingify Software Pvt. Ltd. t\u00e4tig als VWO Adresse: Hamburg B\u00fcroHeidenkampsweg 58,Hamburg, 20097Deutschland Palma B\u00fcroCarrer Joan Maria Thom\u00e0s, 2 &#8211; 1\u00b007014, Palma de MallorcaBalearenSpanien Email:support@vwo.comWeb:https:\/\/vwo.comTelefon:+1 415-349-0105 CEO\/Gesch\u00e4ftsf\u00fchrerSparsh Gupta Externer EU-Vertreter:GDPR-Rep.eu bereitgestellt von Dr. Andreas M\u00e4tzlerRechtsanwaltc\/o Wingify Software Pvt LtdSchellinggasse 3\/101010 Wien\u00d6sterreich Email:office@gdpr-rep.euWeb:gdpr-rep.eu Bitte f\u00fcgen Sie der gesamten Korrespondenz folgenden Betreff hinzu:DPI-REP-ID: 19843629\" \/>\n<meta property=\"og:url\" content=\"https:\/\/vwo.com\/de\/impressum\/\" \/>\n<meta property=\"og:site_name\" content=\"Website\" \/>\n<meta property=\"article:publisher\" content=\"https:\/\/www.facebook.com\/vwoofficial\/\" \/>\n<meta property=\"article:modified_time\" content=\"2022-09-14T13:42:58+00:00\" \/>\n<meta property=\"og:image\" content=\"https:\/\/static.wingify.com\/gcp\/uploads\/2019\/08\/VWO-Social-Share-Img.png\" \/>\n\t<meta property=\"og:image:width\" content=\"1200\" \/>\n\t<meta property=\"og:image:height\" content=\"628\" \/>\n\t<meta property=\"og:image:type\" content=\"image\/png\" \/>\n<meta name=\"twitter:card\" content=\"summary_large_image\" \/>\n<meta name=\"twitter:site\" content=\"@VWO\" \/>\n<!-- \/ Yoast SEO plugin. -->","yoast_head_json":{"title":"Impressum - Website","robots":{"index":"index","follow":"follow","max-snippet":"max-snippet:-1","max-image-preview":"max-image-preview:large","max-video-preview":"max-video-preview:-1"},"canonical":"https:\/\/vwo.com\/de\/impressum\/","og_locale":"de_DE","og_type":"article","og_title":"Impressum - Website","og_description":"FirmennameWingify Software Pvt. Ltd. t\u00e4tig als VWO Adresse: Hamburg B\u00fcroHeidenkampsweg 58,Hamburg, 20097Deutschland Palma B\u00fcroCarrer Joan Maria Thom\u00e0s, 2 &#8211; 1\u00b007014, Palma de MallorcaBalearenSpanien Email:support@vwo.comWeb:https:\/\/vwo.comTelefon:+1 415-349-0105 CEO\/Gesch\u00e4ftsf\u00fchrerSparsh Gupta Externer EU-Vertreter:GDPR-Rep.eu bereitgestellt von Dr. Andreas M\u00e4tzlerRechtsanwaltc\/o Wingify Software Pvt LtdSchellinggasse 3\/101010 Wien\u00d6sterreich Email:office@gdpr-rep.euWeb:gdpr-rep.eu Bitte f\u00fcgen Sie der gesamten Korrespondenz folgenden Betreff hinzu:DPI-REP-ID: 19843629","og_url":"https:\/\/vwo.com\/de\/impressum\/","og_site_name":"Website","article_publisher":"https:\/\/www.facebook.com\/vwoofficial\/","article_modified_time":"2022-09-14T13:42:58+00:00","og_image":[{"width":1200,"height":628,"url":"https:\/\/static.wingify.com\/gcp\/uploads\/2019\/08\/VWO-Social-Share-Img.png","type":"image\/png"}],"twitter_card":"summary_large_image","twitter_site":"@VWO","schema":{"@context":"https:\/\/schema.org","@graph":[{"@type":"WebPage","@id":"https:\/\/vwo.com\/de\/impressum\/","url":"https:\/\/vwo.com\/de\/impressum\/","name":"Impressum - Website","isPartOf":{"@id":"https:\/\/vwo.com\/de\/#website"},"datePublished":"2022-09-14T13:42:56+00:00","dateModified":"2022-09-14T13:42:58+00:00","breadcrumb":{"@id":"https:\/\/vwo.com\/de\/impressum\/#breadcrumb"},"inLanguage":"de-DE","potentialAction":[{"@type":"ReadAction","target":["https:\/\/vwo.com\/de\/impressum\/"]}]},{"@type":"BreadcrumbList","@id":"https:\/\/vwo.com\/de\/impressum\/#breadcrumb","itemListElement":[{"@type":"ListItem","position":1,"name":"Home","item":"https:\/\/vwo.com\/de\/"},{"@type":"ListItem","position":2,"name":"Impressum"}]},{"@type":"WebSite","@id":"https:\/\/vwo.com\/de\/#website","url":"https:\/\/vwo.com\/de\/","name":"Website","description":"","potentialAction":[{"@type":"SearchAction","target":{"@type":"EntryPoint","urlTemplate":"https:\/\/vwo.com\/de\/?s={search_term_string}"},"query-input":{"@type":"PropertyValueSpecification","valueRequired":true,"valueName":"search_term_string"}}],"inLanguage":"de-DE"}]}},"_links":{"self":[{"href":"https:\/\/vwo.com\/de\/wp-json\/wp\/v2\/pages\/34510","targetHints":{"allow":["GET"]}}],"collection":[{"href":"https:\/\/vwo.com\/de\/wp-json\/wp\/v2\/pages"}],"about":[{"href":"https:\/\/vwo.com\/de\/wp-json\/wp\/v2\/types\/page"}],"author":[{"embeddable":true,"href":"https:\/\/vwo.com\/de\/wp-json\/wp\/v2\/users\/796"}],"replies":[{"embeddable":true,"href":"https:\/\/vwo.com\/de\/wp-json\/wp\/v2\/comments?post=34510"}],"version-history":[{"count":4,"href":"https:\/\/vwo.com\/de\/wp-json\/wp\/v2\/pages\/34510\/revisions"}],"predecessor-version":[{"id":34517,"href":"https:\/\/vwo.com\/de\/wp-json\/wp\/v2\/pages\/34510\/revisions\/34517"}],"wp:attachment":[{"href":"https:\/\/vwo.com\/de\/wp-json\/wp\/v2\/media?parent=34510"}],"curies":[{"name":"wp","href":"https:\/\/api.w.org\/{rel}","templated":true}]}}