{"id":26400,"date":"2019-06-28T09:05:39","date_gmt":"2019-06-28T09:05:39","guid":{"rendered":"https:\/\/vwo.com\/whitehat\/"},"modified":"2025-04-29T10:22:35","modified_gmt":"2025-04-29T04:52:35","slug":"whitehat","status":"publish","type":"page","link":"https:\/\/vwo.com\/de\/security\/whitehat\/","title":{"rendered":"Security Hall of Fame"},"content":{"rendered":"<h2>Bei Wingify sind wir bestrebt, sicherzustellen, dass unsere Plattform und unsere Systeme das hohe Sicherheitsniveau bewahren, das unsere Kunden erwarten.<\/h2>\n<p>Dies gew\u00e4hrleisten nicht nur unsere Mitarbeiter, sondern auch die Beitr\u00e4ge unabh\u00e4ngiger Sicherheitsexperten.<\/p>\n<p>Wingifys Security Hall Of Fame w\u00fcrdigt deren Bem\u00fchungen. Wir m\u00f6chten uns bei den folgenden Personen daf\u00fcr bedanken, dass sie durch eine verantwortungsvolle Offenlegung dazu beigetragen haben, Wingify noch sicherer zu machen.<\/p>\n<h2><strong>2025<\/strong><\/h2>\n<p data-pm-slice=\"1 1 []\"><a href=\"https:\/\/www.pathfynder.io\/\">Pathfynder Inc<\/a><\/p>\n<h2><strong>2024<\/strong><\/h2>\n<p data-pm-slice=\"1 1 []\"><a href=\"https:\/\/www.linkedin.com\/in\/syed-taseer-hussain-535b311b7\/\">Taseer Hussain<\/a><br \/><a href=\"https:\/\/www.linkedin.com\/in\/kartik-garg-6370b6232\/\">Kartik Garg<\/a><br \/><a href=\"https:\/\/www.linkedin.com\/in\/swapnil-kothawade-813854a7\/\">Swapnil Kothawade<\/a><\/p>\n<h2><strong>2023<\/strong><\/h2>\n<p><a href=\"https:\/\/www.linkedin.com\/in\/heidar-zeinalli-421313275\">Heidar Zeinalli<\/a><br \/><a href=\"https:\/\/www.linkedin.com\/in\/aadesh-jain-88ba2621b\/\">Aadesh Jain<\/a><br \/><a href=\"https:\/\/twitter.com\/Tejas__1\">Tejas Pawar<\/a><br \/><a href=\"https:\/\/web.facebook.com\/reza.alfreza.1\">Alfreza<\/a><\/p>\n<h2><strong>2022<\/strong><\/h2>\n<p><a href=\"https:\/\/read.cv\/pondev\">M Hasyim Asyari<\/a><br \/><a href=\"https:\/\/bugcrowd.com\/m0m0x01d\">Daher Mohamed<\/a><br \/><a href=\"https:\/\/www.linkedin.com\/in\/jivanmagare\">Jivan Magare<\/a><br \/><a href=\"https:\/\/www.linkedin.com\/in\/amritanayak\/\">Amrita Nayak<\/a><br \/><a href=\"https:\/\/www.linkedin.com\/in\/gaurang883\/\">Gaurang Maheta<\/a><\/p>\n<h2><strong>2021<\/strong><\/h2>\n<p><a href=\"https:\/\/in.linkedin.com\/in\/samprit-das-9805831a2\">Samprit Das<\/a><br \/><a href=\"https:\/\/www.linkedin.com\/in\/abdeali-hm-211105210\/\">Abdeali<\/a><br \/><a href=\"https:\/\/www.linkedin.com\/in\/harshbanshpal\/\">Harsh Banshpal<\/a><br \/><a href=\"https:\/\/www.linkedin.com\/in\/sachin-kalkumbe-462824201\">Sachin kalkumbe<\/a><br \/><a href=\"https:\/\/twitter.com\/TryambakePratik\">Pratik Sunil Tryambake<\/a><br \/><a href=\"https:\/\/www.linkedin.com\/in\/gaurang883\">Gaurang maheta<\/a><br \/><a href=\"https:\/\/linkedin.com\/in\/akashpatil98\">Akash Rajendra Patil<\/a><br \/><a href=\"https:\/\/www.linkedin.com\/in\/vinay-bhuria\">Vinay Omveer Bhuria<\/a><\/p>\n<h2><strong>2020<\/strong><\/h2>\n<p><a href=\"https:\/\/www.facebook.com\/hacker.abin1337\">Abin Joseph<\/a><br \/><a href=\"https:\/\/www.twitter.com\/dhanumaalaian\">Dhanumaalaian R<\/a><br \/><a href=\"https:\/\/twitter.com\/prateek_0490\">Prateek Tiwari<\/a><br \/><a href=\"https:\/\/www.linkedin.com\/in\/krishna-yadav-85aa34b2\/\">Krishna Harishankar Yadav<\/a><br \/><a href=\"https:\/\/www.linkedin.com\/in\/pranav-bhandari-8bb644158\/\">Pranav Bhandari<\/a><\/p>\n<h2><strong>2019<\/strong><\/h2>\n<p><a href=\"https:\/\/www.facebook.com\/aliraza3456\">Ali Raza<\/a><br \/><a href=\"https:\/\/www.linkedin.com\/in\/dal-bahadur-b-k-1b180a90\">Dal Bahadur B.K<\/a><\/p>\n<h2><strong>2018<\/strong><\/h2>\n<p>Marek Szustak<br \/><a href=\"https:\/\/twitter.com\/ShubhamPthk\">Shubham Pathak<\/a><br \/><a href=\"https:\/\/www.linkedin.com\/in\/maruthi-adithya-g-20070111a\">Maruthi Adithya G<\/a><br \/><a href=\"https:\/\/www.linkedin.com\/in\/kirtikumar-anandrao-ramchandani-ba949b153\/\">Kirtikumar Anandrao Ramchandani<\/a><br \/>Konka Karthik<\/p>\n<h2><strong>2017<\/strong><\/h2>\n<p><a href=\"https:\/\/twitter.com\/d1m0ck\">Dmitry Ivanov<\/a><br \/>Sagar Jangam<\/p>\n\n\n<p><\/p>\n","protected":false},"excerpt":{"rendered":"<p>Bei Wingify sind wir bestrebt, sicherzustellen, dass unsere Plattform und unsere Systeme das hohe Sicherheitsniveau bewahren, das unsere Kunden erwarten. Dies gew\u00e4hrleisten nicht nur unsere Mitarbeiter, sondern auch die Beitr\u00e4ge unabh\u00e4ngiger Sicherheitsexperten. Wingifys Security Hall Of Fame w\u00fcrdigt deren Bem\u00fchungen. Wir m\u00f6chten uns bei den folgenden Personen daf\u00fcr bedanken, dass sie durch eine verantwortungsvolle Offenlegung [&hellip;]<\/p>\n","protected":false},"author":11,"featured_media":0,"parent":26432,"menu_order":0,"comment_status":"closed","ping_status":"closed","template":"page-templates\/page_contentbase.php","meta":{"_acf_changed":false,"footnotes":""},"class_list":["post-26400","page","type-page","status-publish","hentry"],"acf":[],"yoast_head":"<!-- This site is optimized with the Yoast SEO plugin v26.9 - https:\/\/yoast.com\/product\/yoast-seo-wordpress\/ -->\n<title>Security Hall of Fame | VWO Security<\/title>\n<meta name=\"description\" content=\"Unsere Security Hall of Fame w\u00fcrdigt die Beitr\u00e4ge von Forschern und anderen Personen, die VWO geholfen haben, das h\u00f6chste Sicherheitsniveau aufrechtzuerhalten.\" \/>\n<meta name=\"robots\" content=\"index, follow, max-snippet:-1, max-image-preview:large, max-video-preview:-1\" \/>\n<link rel=\"canonical\" href=\"https:\/\/vwo.com\/de\/security\/whitehat\/\" \/>\n<meta property=\"og:locale\" content=\"de_DE\" \/>\n<meta property=\"og:type\" content=\"article\" \/>\n<meta property=\"og:title\" content=\"Security Hall of Fame | VWO Security\" \/>\n<meta property=\"og:description\" content=\"Unsere Security Hall of Fame w\u00fcrdigt die Beitr\u00e4ge von Forschern und anderen Personen, die VWO geholfen haben, das h\u00f6chste Sicherheitsniveau aufrechtzuerhalten.\" \/>\n<meta property=\"og:url\" content=\"https:\/\/vwo.com\/de\/security\/whitehat\/\" \/>\n<meta property=\"og:site_name\" content=\"Website\" \/>\n<meta property=\"article:publisher\" content=\"https:\/\/www.facebook.com\/vwoofficial\/\" \/>\n<meta property=\"article:modified_time\" content=\"2025-04-29T04:52:35+00:00\" \/>\n<meta property=\"og:image\" content=\"https:\/\/static.wingify.com\/gcp\/uploads\/2019\/08\/VWO-Social-Share-Img.png\" \/>\n\t<meta property=\"og:image:width\" content=\"1200\" \/>\n\t<meta property=\"og:image:height\" content=\"628\" \/>\n\t<meta property=\"og:image:type\" content=\"image\/png\" \/>\n<meta name=\"twitter:card\" content=\"summary_large_image\" \/>\n<meta name=\"twitter:site\" content=\"@VWO\" \/>\n<!-- \/ Yoast SEO plugin. -->","yoast_head_json":{"title":"Security Hall of Fame | VWO Security","description":"Unsere Security Hall of Fame w\u00fcrdigt die Beitr\u00e4ge von Forschern und anderen Personen, die VWO geholfen haben, das h\u00f6chste Sicherheitsniveau aufrechtzuerhalten.","robots":{"index":"index","follow":"follow","max-snippet":"max-snippet:-1","max-image-preview":"max-image-preview:large","max-video-preview":"max-video-preview:-1"},"canonical":"https:\/\/vwo.com\/de\/security\/whitehat\/","og_locale":"de_DE","og_type":"article","og_title":"Security Hall of Fame | VWO Security","og_description":"Unsere Security Hall of Fame w\u00fcrdigt die Beitr\u00e4ge von Forschern und anderen Personen, die VWO geholfen haben, das h\u00f6chste Sicherheitsniveau aufrechtzuerhalten.","og_url":"https:\/\/vwo.com\/de\/security\/whitehat\/","og_site_name":"Website","article_publisher":"https:\/\/www.facebook.com\/vwoofficial\/","article_modified_time":"2025-04-29T04:52:35+00:00","og_image":[{"width":1200,"height":628,"url":"https:\/\/static.wingify.com\/gcp\/uploads\/2019\/08\/VWO-Social-Share-Img.png","type":"image\/png"}],"twitter_card":"summary_large_image","twitter_site":"@VWO","schema":{"@context":"https:\/\/schema.org","@graph":[{"@type":"WebPage","@id":"https:\/\/vwo.com\/de\/security\/whitehat\/","url":"https:\/\/vwo.com\/de\/security\/whitehat\/","name":"Security Hall of Fame | VWO Security","isPartOf":{"@id":"https:\/\/vwo.com\/de\/#website"},"datePublished":"2019-06-28T09:05:39+00:00","dateModified":"2025-04-29T04:52:35+00:00","description":"Unsere Security Hall of Fame w\u00fcrdigt die Beitr\u00e4ge von Forschern und anderen Personen, die VWO geholfen haben, das h\u00f6chste Sicherheitsniveau aufrechtzuerhalten.","breadcrumb":{"@id":"https:\/\/vwo.com\/de\/security\/whitehat\/#breadcrumb"},"inLanguage":"de-DE","potentialAction":[{"@type":"ReadAction","target":["https:\/\/vwo.com\/de\/security\/whitehat\/"]}]},{"@type":"BreadcrumbList","@id":"https:\/\/vwo.com\/de\/security\/whitehat\/#breadcrumb","itemListElement":[{"@type":"ListItem","position":1,"name":"Home","item":"https:\/\/vwo.com\/de\/"},{"@type":"ListItem","position":2,"name":"Security","item":"https:\/\/vwo.com\/de\/security\/"},{"@type":"ListItem","position":3,"name":"Security Hall of Fame"}]},{"@type":"WebSite","@id":"https:\/\/vwo.com\/de\/#website","url":"https:\/\/vwo.com\/de\/","name":"Website","description":"","potentialAction":[{"@type":"SearchAction","target":{"@type":"EntryPoint","urlTemplate":"https:\/\/vwo.com\/de\/?s={search_term_string}"},"query-input":{"@type":"PropertyValueSpecification","valueRequired":true,"valueName":"search_term_string"}}],"inLanguage":"de-DE"}]}},"_links":{"self":[{"href":"https:\/\/vwo.com\/de\/wp-json\/wp\/v2\/pages\/26400","targetHints":{"allow":["GET"]}}],"collection":[{"href":"https:\/\/vwo.com\/de\/wp-json\/wp\/v2\/pages"}],"about":[{"href":"https:\/\/vwo.com\/de\/wp-json\/wp\/v2\/types\/page"}],"author":[{"embeddable":true,"href":"https:\/\/vwo.com\/de\/wp-json\/wp\/v2\/users\/11"}],"replies":[{"embeddable":true,"href":"https:\/\/vwo.com\/de\/wp-json\/wp\/v2\/comments?post=26400"}],"version-history":[{"count":22,"href":"https:\/\/vwo.com\/de\/wp-json\/wp\/v2\/pages\/26400\/revisions"}],"predecessor-version":[{"id":55333,"href":"https:\/\/vwo.com\/de\/wp-json\/wp\/v2\/pages\/26400\/revisions\/55333"}],"up":[{"embeddable":true,"href":"https:\/\/vwo.com\/de\/wp-json\/wp\/v2\/pages\/26432"}],"wp:attachment":[{"href":"https:\/\/vwo.com\/de\/wp-json\/wp\/v2\/media?parent=26400"}],"curies":[{"name":"wp","href":"https:\/\/api.w.org\/{rel}","templated":true}]}}