{"id":49979,"date":"2019-10-31T18:18:27","date_gmt":"2019-10-31T12:48:27","guid":{"rendered":"https:\/\/vwo.com\/pci-dss\/"},"modified":"2025-06-06T14:19:56","modified_gmt":"2025-06-06T08:49:56","slug":"pci-dss","status":"publish","type":"page","link":"https:\/\/vwo.com\/br\/compliance\/pci-dss\/","title":{"rendered":"PCI DSS"},"content":{"rendered":"\n<p>A VWO Experience Optimization Platform est\u00e1 em conformidade com o Padr\u00e3o de Seguran\u00e7a de Dados do Setor de Pagamentos com Cart\u00e3o vers\u00e3o 3.2.1 Prestador de servi\u00e7os A VWO \u00e9 uma prestadora de servi\u00e7os e n\u00e3o processa dados do titular do cart\u00e3o.<\/p>\n\n\n\n<h2 class=\"wp-block-heading\"><strong><strong>VWO e PCI DSS<\/strong><\/strong><\/h2>\n\n\n\n<p>A VWO est\u00e1 em conformidade com o processo de certifica\u00e7\u00e3o de N\u00edvel 2 de Provedor de Servi\u00e7os, que valida a conformidade anualmente por meio da verifica\u00e7\u00e3o da ades\u00e3o aos requisitos do PCI DSS, o que inclui a valida\u00e7\u00e3o do c\u00f3digo de integra\u00e7\u00e3o (JS SmartCode), SDKs necess\u00e1rios para a plataforma de otimiza\u00e7\u00e3o de experi\u00eancia VWO, desenvolvimento, opera\u00e7\u00f5es, gerenciamento, suporte e conformidade de servi\u00e7os em escopo usando o Question\u00e1rio de Autoavalia\u00e7\u00e3o (SAQ-D) e o Atestado de Conformidade para Provedores de Servi\u00e7os.<\/p>\n\n\n\n<p>Os clientes s\u00e3o respons\u00e1veis por garantir a conformidade com os requisitos do PCI DSS. O Guia PCI para Clientes VWO especifica as \u00e1reas de responsabilidade de cada requisito do PCI DSS e informa se eles s\u00e3o atribu\u00eddos \u00e0 VWO, ao cliente ou se a responsabilidade \u00e9 compartilhada.<\/p>\n\n\n\n<h2 class=\"wp-block-heading\"><strong><strong>Auditorias, relat\u00f3rios e certificados<\/strong><\/strong><\/h2>\n\n\n\n<p><strong>Ciclo de auditoria:<\/strong> a plataforma de otimiza\u00e7\u00e3o de experi\u00eancia VWO da Wingify \u00e9 avaliada pelo menos uma vez por ano em rela\u00e7\u00e3o ao padr\u00e3o PCI DSS v4.0.1 por auditores terceirizados (Avaliador de Seguran\u00e7a Qualificado). Nossa \u00faltima auditoria foi realizada pela Cyber Sigma em 11 de maio de 2025.<\/p>\n\n\n\n<p><strong>Data de atesta\u00e7\u00e3o e certifica\u00e7\u00e3o:<\/strong> 11 de maio de 2025<br><strong>V\u00e1lido at\u00e9:<\/strong> 11 de maio de 2026<\/p>\n\n\n\n<p><strong><strong>Para mais informa\u00e7\u00f5es, consulte os documentos abaixo:<\/strong><\/strong><\/p>\n\n\n\n<ul class=\"wp-block-list\">\n<li><a href=\"https:\/\/vwo.com\/downloads\/legal\/pci-dss-aoc-wingify-updated.pdf\">Atestado de conformidade<\/a><\/li>\n\n\n\n<li><a href=\"https:\/\/vwo.com\/downloads\/legal\/coc-wingify.pdf\">Certificado de conformidade<\/a><\/li>\n\n\n\n<li><a href=\"https:\/\/vwo.com\/downloads\/legal\/wingify-customer-pci-guide-of-responsibility.xlsx\">Guia PCI para Clientes VWO sobre as responsabilidades de cada requisito do PCI DSS<\/a>\u00a0<\/li>\n\n\n\n<li><a href=\"https:\/\/help.vwo.com\/hc\/en-us\/articles\/360038046053\">Como configurar sua conta VWO para ficar em conformidade com o PCI<\/a><\/li>\n<\/ul>\n\n\n\n<div style=\"padding: 20px;background-color: #802050;color: #fff\">\n<h2 style=\"margin-bottom: 20px;margin-top: 0;color: #fff !important\">Vis\u00e3o geral do PCI DSS<\/h2>\n<p>O Padr\u00e3o de Seguran\u00e7a de Dados da Ind\u00fastria de Cart\u00f5es de Pagamento (PCI DSS) \u00e9 um framework global desenvolvido para proteger os dados dos cart\u00f5es de pagamento e prevenir fraudes. Todas as organiza\u00e7\u00f5es que armazenam, processam ou transmitem informa\u00e7\u00f5es dos titulares de cart\u00f5es precisam estar em conformidade com o PCI DSS. Embora a VWO n\u00e3o processe os dados dos titulares de cart\u00f5es, seguimos essa conformidade para auxiliar os clientes que operam em ambientes regulamentados.<\/p>\n<\/div>\n\n\n\n\n","protected":false},"excerpt":{"rendered":"<p>A VWO Experience Optimization Platform est\u00e1 em conformidade com o Padr\u00e3o de Seguran\u00e7a de Dados do Setor de Pagamentos com Cart\u00e3o vers\u00e3o 3.2.1 Prestador de servi\u00e7os A VWO \u00e9 uma prestadora de servi\u00e7os e n\u00e3o processa dados do titular do cart\u00e3o. VWO e PCI DSS A VWO est\u00e1 em conformidade com o processo de certifica\u00e7\u00e3o [&hellip;]<\/p>\n","protected":false},"author":154,"featured_media":0,"parent":51341,"menu_order":0,"comment_status":"closed","ping_status":"closed","template":"page-templates\/page_contentbase.php","meta":{"_acf_changed":false,"footnotes":""},"class_list":["post-49979","page","type-page","status-publish","hentry"],"acf":[],"yoast_head":"<!-- This site is optimized with the Yoast SEO plugin v26.9 - https:\/\/yoast.com\/product\/yoast-seo-wordpress\/ -->\n<title>PCI DSS | Compliance da VWO<\/title>\n<meta name=\"description\" content=\"A VWO est\u00e1 em conformidade com o Padr\u00e3o de Seguran\u00e7a de Dados da Ind\u00fastria de Cart\u00f5es de Pagamento (PCI DSS) Vers\u00e3o 4.0.1 N\u00edvel 2 de Provedor de Servi\u00e7os. N\u00e3o processamos os dados do titular do cart\u00e3o. Saiba mais.\" \/>\n<meta name=\"robots\" content=\"index, follow, max-snippet:-1, max-image-preview:large, max-video-preview:-1\" \/>\n<link rel=\"canonical\" href=\"https:\/\/vwo.com\/br\/compliance\/pci-dss\/\" \/>\n<meta property=\"og:locale\" content=\"en_US\" \/>\n<meta property=\"og:type\" content=\"article\" \/>\n<meta property=\"og:title\" content=\"PCI DSS | Compliance da VWO\" \/>\n<meta property=\"og:description\" content=\"A VWO est\u00e1 em conformidade com o Padr\u00e3o de Seguran\u00e7a de Dados da Ind\u00fastria de Cart\u00f5es de Pagamento (PCI DSS) Vers\u00e3o 4.0.1 N\u00edvel 2 de Provedor de Servi\u00e7os. N\u00e3o processamos os dados do titular do cart\u00e3o. Saiba mais.\" \/>\n<meta property=\"og:url\" content=\"https:\/\/vwo.com\/br\/compliance\/pci-dss\/\" \/>\n<meta property=\"og:site_name\" content=\"Website\" \/>\n<meta property=\"article:publisher\" content=\"https:\/\/www.facebook.com\/vwoofficial\/\" \/>\n<meta property=\"article:modified_time\" content=\"2025-06-06T08:49:56+00:00\" \/>\n<meta property=\"og:image\" content=\"https:\/\/static.wingify.com\/gcp\/uploads\/2019\/08\/VWO-Social-Share-Img.png\" \/>\n\t<meta property=\"og:image:width\" content=\"1200\" \/>\n\t<meta property=\"og:image:height\" content=\"628\" \/>\n\t<meta property=\"og:image:type\" content=\"image\/png\" \/>\n<meta name=\"twitter:card\" content=\"summary_large_image\" \/>\n<meta name=\"twitter:site\" content=\"@VWO\" \/>\n<!-- \/ Yoast SEO plugin. -->","yoast_head_json":{"title":"PCI DSS | Compliance da VWO","description":"A VWO est\u00e1 em conformidade com o Padr\u00e3o de Seguran\u00e7a de Dados da Ind\u00fastria de Cart\u00f5es de Pagamento (PCI DSS) Vers\u00e3o 4.0.1 N\u00edvel 2 de Provedor de Servi\u00e7os. N\u00e3o processamos os dados do titular do cart\u00e3o. Saiba mais.","robots":{"index":"index","follow":"follow","max-snippet":"max-snippet:-1","max-image-preview":"max-image-preview:large","max-video-preview":"max-video-preview:-1"},"canonical":"https:\/\/vwo.com\/br\/compliance\/pci-dss\/","og_locale":"en_US","og_type":"article","og_title":"PCI DSS | Compliance da VWO","og_description":"A VWO est\u00e1 em conformidade com o Padr\u00e3o de Seguran\u00e7a de Dados da Ind\u00fastria de Cart\u00f5es de Pagamento (PCI DSS) Vers\u00e3o 4.0.1 N\u00edvel 2 de Provedor de Servi\u00e7os. N\u00e3o processamos os dados do titular do cart\u00e3o. Saiba mais.","og_url":"https:\/\/vwo.com\/br\/compliance\/pci-dss\/","og_site_name":"Website","article_publisher":"https:\/\/www.facebook.com\/vwoofficial\/","article_modified_time":"2025-06-06T08:49:56+00:00","og_image":[{"width":1200,"height":628,"url":"https:\/\/static.wingify.com\/gcp\/uploads\/2019\/08\/VWO-Social-Share-Img.png","type":"image\/png"}],"twitter_card":"summary_large_image","twitter_site":"@VWO","schema":{"@context":"https:\/\/schema.org","@graph":[{"@type":"WebPage","@id":"https:\/\/vwo.com\/br\/compliance\/pci-dss\/","url":"https:\/\/vwo.com\/br\/compliance\/pci-dss\/","name":"PCI DSS | Compliance da VWO","isPartOf":{"@id":"https:\/\/vwo.com\/br\/#website"},"datePublished":"2019-10-31T12:48:27+00:00","dateModified":"2025-06-06T08:49:56+00:00","description":"A VWO est\u00e1 em conformidade com o Padr\u00e3o de Seguran\u00e7a de Dados da Ind\u00fastria de Cart\u00f5es de Pagamento (PCI DSS) Vers\u00e3o 4.0.1 N\u00edvel 2 de Provedor de Servi\u00e7os. N\u00e3o processamos os dados do titular do cart\u00e3o. Saiba mais.","breadcrumb":{"@id":"https:\/\/vwo.com\/br\/compliance\/pci-dss\/#breadcrumb"},"inLanguage":"br","potentialAction":[{"@type":"ReadAction","target":["https:\/\/vwo.com\/br\/compliance\/pci-dss\/"]}]},{"@type":"BreadcrumbList","@id":"https:\/\/vwo.com\/br\/compliance\/pci-dss\/#breadcrumb","itemListElement":[{"@type":"ListItem","position":1,"name":"Home","item":"https:\/\/vwo.com\/br\/"},{"@type":"ListItem","position":2,"name":"Compliance","item":"https:\/\/vwo.com\/br\/compliance\/"},{"@type":"ListItem","position":3,"name":"PCI DSS"}]},{"@type":"WebSite","@id":"https:\/\/vwo.com\/br\/#website","url":"https:\/\/vwo.com\/br\/","name":"Website","description":"","potentialAction":[{"@type":"SearchAction","target":{"@type":"EntryPoint","urlTemplate":"https:\/\/vwo.com\/br\/?s={search_term_string}"},"query-input":{"@type":"PropertyValueSpecification","valueRequired":true,"valueName":"search_term_string"}}],"inLanguage":"br"}]}},"_links":{"self":[{"href":"https:\/\/vwo.com\/br\/wp-json\/wp\/v2\/pages\/49979","targetHints":{"allow":["GET"]}}],"collection":[{"href":"https:\/\/vwo.com\/br\/wp-json\/wp\/v2\/pages"}],"about":[{"href":"https:\/\/vwo.com\/br\/wp-json\/wp\/v2\/types\/page"}],"author":[{"embeddable":true,"href":"https:\/\/vwo.com\/br\/wp-json\/wp\/v2\/users\/154"}],"replies":[{"embeddable":true,"href":"https:\/\/vwo.com\/br\/wp-json\/wp\/v2\/comments?post=49979"}],"version-history":[{"count":3,"href":"https:\/\/vwo.com\/br\/wp-json\/wp\/v2\/pages\/49979\/revisions"}],"predecessor-version":[{"id":56198,"href":"https:\/\/vwo.com\/br\/wp-json\/wp\/v2\/pages\/49979\/revisions\/56198"}],"up":[{"embeddable":true,"href":"https:\/\/vwo.com\/br\/wp-json\/wp\/v2\/pages\/51341"}],"wp:attachment":[{"href":"https:\/\/vwo.com\/br\/wp-json\/wp\/v2\/media?parent=49979"}],"curies":[{"name":"wp","href":"https:\/\/api.w.org\/{rel}","templated":true}]}}