{"id":49779,"date":"2019-06-28T09:05:39","date_gmt":"2019-06-28T09:05:39","guid":{"rendered":"https:\/\/vwo.com\/whitehat\/"},"modified":"2025-04-29T10:22:15","modified_gmt":"2025-04-29T04:52:15","slug":"whitehat","status":"publish","type":"page","link":"https:\/\/vwo.com\/br\/security\/whitehat\/","title":{"rendered":"Security Hall of Fame"},"content":{"rendered":"<h2><span data-sheets-root=\"1\">Na Wingify, nos esfor\u00e7amos para garantir que a nossa plataforma e sistemas mantenham o alto n\u00edvel de seguran\u00e7a esperado por nossos clientes.<\/span><\/h2>\n<p><span data-sheets-root=\"1\">Isso \u00e9 poss\u00edvel n\u00e3o apenas por meio de esfor\u00e7os das nossas equipes internas, mas tamb\u00e9m por meio das contribui\u00e7\u00f5es feitas por pesquisadores e indiv\u00edduos de seguran\u00e7a independentes.<\/span><\/p>\n<p><span data-sheets-root=\"1\">O Security Hall Of Fame da Wingify reconhece os esfor\u00e7os dessas pessoas. Gostar\u00edamos de agradecer \u00e0s seguintes pessoas por fazer uma divulga\u00e7\u00e3o respons\u00e1vel para n\u00f3s e ajudar a tornar a Wingify mais segura.<\/span><\/p>\n<h2><strong>2025<\/strong><\/h2>\n<p data-pm-slice=\"1 1 []\"><a href=\"https:\/\/www.pathfynder.io\/\">Pathfynder Inc<\/a><\/p>\n<h2><strong>2024<\/strong><\/h2>\n<p data-pm-slice=\"1 1 []\"><a href=\"https:\/\/www.linkedin.com\/in\/syed-taseer-hussain-535b311b7\/\">Taseer Hussain<\/a><br \/><a href=\"https:\/\/www.linkedin.com\/in\/kartik-garg-6370b6232\/\">Kartik Garg<\/a><br \/><a href=\"https:\/\/www.linkedin.com\/in\/swapnil-kothawade-813854a7\/\">Swapnil Kothawade<\/a><\/p>\n<h2><strong>2023<\/strong><\/h2>\n<p data-pm-slice=\"1 1 []\"><a href=\"https:\/\/www.linkedin.com\/in\/heidar-zeinalli-421313275\">Heidar Zeinalli<\/a><br \/><a href=\"https:\/\/www.linkedin.com\/in\/aadesh-jain-88ba2621b\/\">Aadesh Jain<\/a><br \/><a href=\"https:\/\/twitter.com\/Tejas__1\">Tejas Pawar<\/a><br \/><a href=\"https:\/\/web.facebook.com\/reza.alfreza.1\">Alfreza<\/a><\/p>\n<h2><strong>2022<\/strong><\/h2>\n<p><a href=\"https:\/\/read.cv\/pondev\">M Hasyim Asyari<\/a><br \/><a href=\"https:\/\/bugcrowd.com\/m0m0x01d\">Daher Mohamed<\/a><br \/><a href=\"https:\/\/www.linkedin.com\/in\/jivanmagare\">Jivan Magare<\/a><br \/><a href=\"https:\/\/www.linkedin.com\/in\/amritanayak\/\">Amrita Nayak<\/a><br \/><a href=\"https:\/\/www.linkedin.com\/in\/gaurang883\/\">Gaurang Maheta<\/a><\/p>\n<h2><strong>2021<\/strong><\/h2>\n<p><a href=\"https:\/\/in.linkedin.com\/in\/samprit-das-9805831a2\">Samprit Das<\/a><br \/><a href=\"https:\/\/www.linkedin.com\/in\/abdeali-hm-211105210\/\">Abdeali<\/a><br \/><a href=\"https:\/\/www.linkedin.com\/in\/harshbanshpal\/\">Harsh Banshpal<\/a><br \/><a href=\"https:\/\/www.linkedin.com\/in\/sachin-kalkumbe-462824201\">Sachin kalkumbe<\/a><br \/><a href=\"https:\/\/twitter.com\/TryambakePratik\">Pratik Sunil Tryambake<\/a><br \/><a href=\"https:\/\/www.linkedin.com\/in\/gaurang883\">Gaurang maheta<\/a><br \/><a href=\"https:\/\/linkedin.com\/in\/akashpatil98\">Akash Rajendra Patil<\/a><br \/><a href=\"https:\/\/www.linkedin.com\/in\/vinay-bhuria\">Vinay Omveer Bhuria<\/a><\/p>\n<h2><strong>2020<\/strong><\/h2>\n<p><a href=\"https:\/\/www.facebook.com\/hacker.abin1337\">Abin Joseph<\/a><br \/><a href=\"https:\/\/www.twitter.com\/dhanumaalaian\">Dhanumaalaian R<\/a><br \/><a href=\"https:\/\/twitter.com\/prateek_0490\">Prateek Tiwari<\/a><br \/><a href=\"https:\/\/www.linkedin.com\/in\/krishna-yadav-85aa34b2\/\">Krishna Harishankar Yadav<\/a><br \/><a href=\"https:\/\/www.linkedin.com\/in\/pranav-bhandari-8bb644158\/\">Pranav Bhandari<\/a><\/p>\n<h2><strong>2019<\/strong><\/h2>\n<p><a href=\"https:\/\/www.facebook.com\/aliraza3456\">Ali Raza<\/a><br \/><a href=\"https:\/\/www.linkedin.com\/in\/dal-bahadur-b-k-1b180a90\">Dal Bahadur B.K<\/a><\/p>\n<h2><strong>2018<\/strong><\/h2>\n<p>Marek Szustak<br \/><a href=\"https:\/\/twitter.com\/ShubhamPthk\">Shubham Pathak<\/a><br \/><a href=\"https:\/\/www.linkedin.com\/in\/maruthi-adithya-g-20070111a\">Maruthi Adithya G<\/a><br \/><a href=\"https:\/\/www.linkedin.com\/in\/kirtikumar-anandrao-ramchandani-ba949b153\/\">Kirtikumar Anandrao Ramchandani<\/a><br \/>Konka Karthik<\/p>\n<h2><strong>2017<\/strong><\/h2>\n<p><a href=\"https:\/\/twitter.com\/d1m0ck\">Dmitry Ivanov<\/a><br \/>Sagar Jangam<\/p>\n\n\n<p><\/p>\n","protected":false},"excerpt":{"rendered":"<p>Na Wingify, nos esfor\u00e7amos para garantir que a nossa plataforma e sistemas mantenham o alto n\u00edvel de seguran\u00e7a esperado por nossos clientes. Isso \u00e9 poss\u00edvel n\u00e3o apenas por meio de esfor\u00e7os das nossas equipes internas, mas tamb\u00e9m por meio das contribui\u00e7\u00f5es feitas por pesquisadores e indiv\u00edduos de seguran\u00e7a independentes. O Security Hall Of Fame da [&hellip;]<\/p>\n","protected":false},"author":11,"featured_media":0,"parent":50250,"menu_order":0,"comment_status":"closed","ping_status":"closed","template":"page-templates\/page_contentbase.php","meta":{"_acf_changed":false,"footnotes":""},"class_list":["post-49779","page","type-page","status-publish","hentry"],"acf":[],"yoast_head":"<!-- This site is optimized with the Yoast SEO plugin v26.9 - https:\/\/yoast.com\/product\/yoast-seo-wordpress\/ -->\n<title>Security Hall of Fame | VWO Security<\/title>\n<meta name=\"description\" content=\"Nosso hall da fama da seguran\u00e7a reconhece as contribui\u00e7\u00f5es de pesquisadores e outros indiv\u00edduos que ajudaram a VWO a manter o mais alto n\u00edvel de seguran\u00e7a.\" \/>\n<meta name=\"robots\" content=\"index, follow, max-snippet:-1, max-image-preview:large, max-video-preview:-1\" \/>\n<link rel=\"canonical\" href=\"https:\/\/vwo.com\/br\/security\/whitehat\/\" \/>\n<meta property=\"og:locale\" content=\"en_US\" \/>\n<meta property=\"og:type\" content=\"article\" \/>\n<meta property=\"og:title\" content=\"Security Hall of Fame | VWO Security\" \/>\n<meta property=\"og:description\" content=\"Nosso hall da fama da seguran\u00e7a reconhece as contribui\u00e7\u00f5es de pesquisadores e outros indiv\u00edduos que ajudaram a VWO a manter o mais alto n\u00edvel de seguran\u00e7a.\" \/>\n<meta property=\"og:url\" content=\"https:\/\/vwo.com\/br\/security\/whitehat\/\" \/>\n<meta property=\"og:site_name\" content=\"Website\" \/>\n<meta property=\"article:publisher\" content=\"https:\/\/www.facebook.com\/vwoofficial\/\" \/>\n<meta property=\"article:modified_time\" content=\"2025-04-29T04:52:15+00:00\" \/>\n<meta property=\"og:image\" content=\"https:\/\/static.wingify.com\/gcp\/uploads\/2019\/08\/VWO-Social-Share-Img.png\" \/>\n\t<meta property=\"og:image:width\" content=\"1200\" \/>\n\t<meta property=\"og:image:height\" content=\"628\" \/>\n\t<meta property=\"og:image:type\" content=\"image\/png\" \/>\n<meta name=\"twitter:card\" content=\"summary_large_image\" \/>\n<meta name=\"twitter:site\" content=\"@VWO\" \/>\n<!-- \/ Yoast SEO plugin. -->","yoast_head_json":{"title":"Security Hall of Fame | VWO Security","description":"Nosso hall da fama da seguran\u00e7a reconhece as contribui\u00e7\u00f5es de pesquisadores e outros indiv\u00edduos que ajudaram a VWO a manter o mais alto n\u00edvel de seguran\u00e7a.","robots":{"index":"index","follow":"follow","max-snippet":"max-snippet:-1","max-image-preview":"max-image-preview:large","max-video-preview":"max-video-preview:-1"},"canonical":"https:\/\/vwo.com\/br\/security\/whitehat\/","og_locale":"en_US","og_type":"article","og_title":"Security Hall of Fame | VWO Security","og_description":"Nosso hall da fama da seguran\u00e7a reconhece as contribui\u00e7\u00f5es de pesquisadores e outros indiv\u00edduos que ajudaram a VWO a manter o mais alto n\u00edvel de seguran\u00e7a.","og_url":"https:\/\/vwo.com\/br\/security\/whitehat\/","og_site_name":"Website","article_publisher":"https:\/\/www.facebook.com\/vwoofficial\/","article_modified_time":"2025-04-29T04:52:15+00:00","og_image":[{"width":1200,"height":628,"url":"https:\/\/static.wingify.com\/gcp\/uploads\/2019\/08\/VWO-Social-Share-Img.png","type":"image\/png"}],"twitter_card":"summary_large_image","twitter_site":"@VWO","schema":{"@context":"https:\/\/schema.org","@graph":[{"@type":"WebPage","@id":"https:\/\/vwo.com\/br\/security\/whitehat\/","url":"https:\/\/vwo.com\/br\/security\/whitehat\/","name":"Security Hall of Fame | VWO Security","isPartOf":{"@id":"https:\/\/vwo.com\/br\/#website"},"datePublished":"2019-06-28T09:05:39+00:00","dateModified":"2025-04-29T04:52:15+00:00","description":"Nosso hall da fama da seguran\u00e7a reconhece as contribui\u00e7\u00f5es de pesquisadores e outros indiv\u00edduos que ajudaram a VWO a manter o mais alto n\u00edvel de seguran\u00e7a.","breadcrumb":{"@id":"https:\/\/vwo.com\/br\/security\/whitehat\/#breadcrumb"},"inLanguage":"br","potentialAction":[{"@type":"ReadAction","target":["https:\/\/vwo.com\/br\/security\/whitehat\/"]}]},{"@type":"BreadcrumbList","@id":"https:\/\/vwo.com\/br\/security\/whitehat\/#breadcrumb","itemListElement":[{"@type":"ListItem","position":1,"name":"Home","item":"https:\/\/vwo.com\/br\/"},{"@type":"ListItem","position":2,"name":"Security","item":"https:\/\/vwo.com\/br\/security\/"},{"@type":"ListItem","position":3,"name":"Security Hall of Fame"}]},{"@type":"WebSite","@id":"https:\/\/vwo.com\/br\/#website","url":"https:\/\/vwo.com\/br\/","name":"Website","description":"","potentialAction":[{"@type":"SearchAction","target":{"@type":"EntryPoint","urlTemplate":"https:\/\/vwo.com\/br\/?s={search_term_string}"},"query-input":{"@type":"PropertyValueSpecification","valueRequired":true,"valueName":"search_term_string"}}],"inLanguage":"br"}]}},"_links":{"self":[{"href":"https:\/\/vwo.com\/br\/wp-json\/wp\/v2\/pages\/49779","targetHints":{"allow":["GET"]}}],"collection":[{"href":"https:\/\/vwo.com\/br\/wp-json\/wp\/v2\/pages"}],"about":[{"href":"https:\/\/vwo.com\/br\/wp-json\/wp\/v2\/types\/page"}],"author":[{"embeddable":true,"href":"https:\/\/vwo.com\/br\/wp-json\/wp\/v2\/users\/11"}],"replies":[{"embeddable":true,"href":"https:\/\/vwo.com\/br\/wp-json\/wp\/v2\/comments?post=49779"}],"version-history":[{"count":3,"href":"https:\/\/vwo.com\/br\/wp-json\/wp\/v2\/pages\/49779\/revisions"}],"predecessor-version":[{"id":55332,"href":"https:\/\/vwo.com\/br\/wp-json\/wp\/v2\/pages\/49779\/revisions\/55332"}],"up":[{"embeddable":true,"href":"https:\/\/vwo.com\/br\/wp-json\/wp\/v2\/pages\/50250"}],"wp:attachment":[{"href":"https:\/\/vwo.com\/br\/wp-json\/wp\/v2\/media?parent=49779"}],"curies":[{"name":"wp","href":"https:\/\/api.w.org\/{rel}","templated":true}]}}